{"id":376,"date":"2023-12-03T21:46:38","date_gmt":"2023-12-03T20:46:38","guid":{"rendered":"https:\/\/www.energiegruppe-hafnerbach.at\/move\/?page_id=376"},"modified":"2026-03-29T22:08:37","modified_gmt":"2026-03-29T20:08:37","slug":"schnupperticket","status":"publish","type":"page","link":"https:\/\/www.energiegruppe-hafnerbach.at\/move\/schnupperticket\/","title":{"rendered":"Schnupperticket"},"content":{"rendered":"\n<p><strong>Seit 1.1.2024 kann sich jeder Hafnerbacher Gemeindeb\u00fcrger das Klimaticket ausborgen und die <\/strong><strong>Vorz\u00fcge der \u00d6ffentlichen Verkehrsmittel (fast) kostenlos ausprobieren.<\/strong><\/p>\n<p>Erm\u00f6glicht wird dies durch das \u201e<strong>Schnupperticket<\/strong>\u201c, eine Art\u00a0<strong>\u00dcBERTRAGBARES KLIMATICKET f\u00fcr WIEN, NIEDER\u00d6STERREICH UND BURGENLAND<\/strong>. Der Mobilit\u00e4tsverein hat dies initiiert und die Marktgemeinde Hafnerbach hat zwei dieser Tickets angeschafft. Der Mobilit\u00e4tsverein k\u00fcmmert sich um die Abwicklung.<\/p>\n<p><strong>Wie funktioniert das?<\/strong><\/p>\n<p><strong>1. Reservieren<\/strong><br \/>Wer das Schnupperticket ausborgen m\u00f6chte, ruft beim HUBSI Telefon unter <strong>0677 \/ 625 626 05<\/strong> an und reserviert beim Fahrer den gew\u00fcnschten Tag (sofern dieser noch frei ist).<br \/><strong>Mitglieder des Mobilit\u00e4tsvereins<\/strong> k\u00f6nnen die Reservierung selbst unter\u00a0<a href=\"https:\/\/hubsi.emilio.at\/\">https:\/\/hubsi.emilio.at<\/a>\u00a0vornehmen.<\/p>\n<p>&#8211;&gt; Ist das Schnupperticket noch frei? Einfach selber nachschauen unter <a href=\"https:\/\/hubsi.emilio.at\/klimaticketview\">https:\/\/hubsi.emilio.at\/klimaticketview<\/a><\/p>\n<p><strong>2. Ticket Abholen<\/strong><br \/>Am Tag der Reise muss man wieder beim HUBSI Telefon anrufen und mit dem Fahrer\/der Fahrerin vereinbaren, wo und wann man das Schnupperticket abholen kann.<\/p>\n<p><strong>3. Die R\u00fcckgabe<\/strong><br \/>erfolgt beim HUBSI Fahrer oder in einem Postkasten im VON UNS DAHOAM.<\/p>\n<p><strong>Pro Entlehnung und Person fallen 5 EUR Verwaltungskosten an<\/strong>, welche nach erfolgter Buchung bitte bis sp\u00e4testens sieben Tage nach Entlehnung auf das Konto des Mobilit\u00e4tsvereins zu \u00fcberweisen sind.<\/p>\n<p><strong>F\u00fcr Mitglieder des Mobilit\u00e4tsvereins ist die Entlehnung kostenlos.<\/strong><\/p>\n<p>Zum einfachen Bezahlen scannen Sie einfach nachstehenden QR Code oder \u00fcberweisen Sie auf unser Konto AT35 3258 5000 0381 1635, mit dem Verwendungszweck &#8222;Schnupperticket + DATUM + NAME&#8220;.<img loading=\"lazy\" decoding=\"async\" class=\"aligncenter size-full wp-image-435\" src=\"https:\/\/www.energiegruppe-hafnerbach.at\/move\/wp-content\/uploads\/sites\/2\/2026\/03\/Stuzza-Schnupperticket-datum-name.png\" alt=\"\" width=\"373\" height=\"354\" \/><\/p>\n<p>\u00a0<\/p>\n<p>Die <a href=\"https:\/\/www.energiegruppe-hafnerbach.at\/move\/wp-content\/uploads\/sites\/2\/2026\/03\/NUTZUNGSBEDINGUNGEN-SCHNUPPERTICKET-HAFNERBACH-v4.pdf\">detaillierten Nutzungsbedingungen<\/a> finden Sie hier zum Download: <a href=\"https:\/\/www.energiegruppe-hafnerbach.at\/move\/wp-content\/uploads\/sites\/2\/2026\/03\/NUTZUNGSBEDINGUNGEN-SCHNUPPERTICKET-HAFNERBACH-v4.pdf\"><img loading=\"lazy\" decoding=\"async\" class=\"aligncenter wp-image-242\" src=\"https:\/\/www.energiegruppe-hafnerbach.at\/move\/wp-content\/uploads\/sites\/2\/2018\/12\/logo_pdf-150x150.png\" alt=\"\" width=\"100\" height=\"71\" \/><\/a><\/p>\n<p>Der Mobilit\u00e4tsverein und die Marktgemeinde Hafnerbach freuen sich \u00fcber viele umweltfreundliche Reisen und eine verbesserte Mobilit\u00e4t f\u00fcr die Hafnerbacherinnen und Hafnerbacher!<\/p>\n","protected":false},"excerpt":{"rendered":"<p>Seit 1.1.2024 kann sich jeder Hafnerbacher Gemeindeb\u00fcrger das Klimaticket ausborgen und die Vorz\u00fcge der \u00d6ffentlichen Verkehrsmittel (fast) kostenlos ausprobieren. Erm\u00f6glicht wird dies durch das \u201eSchnupperticket\u201c, eine Art\u00a0\u00dcBERTRAGBARES KLIMATICKET f\u00fcr WIEN, NIEDER\u00d6STERREICH UND BURGENLAND. Der Mobilit\u00e4tsverein hat dies initiiert und die Marktgemeinde Hafnerbach hat zwei dieser Tickets angeschafft. Der Mobilit\u00e4tsverein k\u00fcmmert sich um die Abwicklung. Wie &hellip; <a href=\"https:\/\/www.energiegruppe-hafnerbach.at\/move\/schnupperticket\/\" class=\"more-link\"><span class=\"screen-reader-text\">Schnupperticket<\/span> weiterlesen<\/a><\/p>\n","protected":false},"author":2,"featured_media":0,"parent":0,"menu_order":0,"comment_status":"closed","ping_status":"closed","template":"","meta":{"footnotes":""},"class_list":["post-376","page","type-page","status-publish","hentry"],"_links":{"self":[{"href":"https:\/\/www.energiegruppe-hafnerbach.at\/move\/wp-json\/wp\/v2\/pages\/376","targetHints":{"allow":["GET"]}}],"collection":[{"href":"https:\/\/www.energiegruppe-hafnerbach.at\/move\/wp-json\/wp\/v2\/pages"}],"about":[{"href":"https:\/\/www.energiegruppe-hafnerbach.at\/move\/wp-json\/wp\/v2\/types\/page"}],"author":[{"embeddable":true,"href":"https:\/\/www.energiegruppe-hafnerbach.at\/move\/wp-json\/wp\/v2\/users\/2"}],"replies":[{"embeddable":true,"href":"https:\/\/www.energiegruppe-hafnerbach.at\/move\/wp-json\/wp\/v2\/comments?post=376"}],"version-history":[{"count":12,"href":"https:\/\/www.energiegruppe-hafnerbach.at\/move\/wp-json\/wp\/v2\/pages\/376\/revisions"}],"predecessor-version":[{"id":437,"href":"https:\/\/www.energiegruppe-hafnerbach.at\/move\/wp-json\/wp\/v2\/pages\/376\/revisions\/437"}],"wp:attachment":[{"href":"https:\/\/www.energiegruppe-hafnerbach.at\/move\/wp-json\/wp\/v2\/media?parent=376"}],"curies":[{"name":"wp","href":"https:\/\/api.w.org\/{rel}","templated":true}]}}